{"id":5487,"date":"2023-12-13T00:25:53","date_gmt":"2023-12-12T23:25:53","guid":{"rendered":"https:\/\/baobolt.com\/?post_type=product&#038;p=5487"},"modified":"2024-04-13T17:53:17","modified_gmt":"2024-04-13T15:53:17","slug":"perceuse-a-percussion-gsb-16re-750w-13mm-bosch","status":"publish","type":"product","link":"https:\/\/baobolt.com\/index.php\/produit\/perceuse-a-percussion-gsb-16re-750w-13mm-bosch\/","title":{"rendered":"PERCEUSE A PERCUSSION GSB 16RE 750W 13MM  BOSCH"},"content":{"rendered":"<div class=\"product-detail-stage__intro\">\n<p class=\"product-detail-stage__subtitle headline__redesign headline__redesign--blue\">PERCEUSE \u00c0 PERCUSSION<\/p>\n<\/div>\n<div class=\"product-detail-stage__info\">\n<h3 class=\"product-detail-stage__headline\">Une avanc\u00e9e technologique qui \u00e9tablit de nouvelles normes Performance am\u00e9lior\u00e9e, efficacit\u00e9 d\u00e9cupl\u00e9e<\/h3>\n<ul class=\"product-detail-stage__list a-list\">\n<li>Carter d\u2019engrenage cylindrique et carter de moteur avec collier de fixation pour r\u00e9sister aux conditions de travail les plus difficiles<\/li>\n<li>Un moteur puissant de 750 W pour s\u2019adapter \u00e0 tous les besoins professionnels<\/li>\n<li>Conception compacte et ergonomique pour une utilisation sans fatigue<\/li>\n<\/ul>\n<\/div>\n","protected":false},"excerpt":{"rendered":"<h3 class=\"headline headline__redesign headline__redesign--blue headline__redesign--hl2\">CARACT\u00c9RISTIQUES TECHNIQUES<\/h3>\n<table class=\"table\">\n<colgroup>\n<col class=\"col-xs-5\" \/>\n<col class=\"col-xs-3\" \/><\/colgroup>\n<thead>\n<tr>\n<th colspan=\"2\">\n<h6 class=\"headline headline__redesign--blue fs16 bsBold\">Donn\u00e9es suppl\u00e9mentaires<\/h6>\n<\/th>\n<\/tr>\n<\/thead>\n<tbody>\n<tr>\n<td>\n<h6>Puissance absorb\u00e9e nominale<\/h6>\n<\/td>\n<td>\n<h6>750 W<\/h6>\n<\/td>\n<\/tr>\n<tr>\n<td>\n<h6>Poids<\/h6>\n<\/td>\n<td>\n<h6>1,8 kg<\/h6>\n<\/td>\n<\/tr>\n<tr>\n<td>\n<h6>R\u00e9gime \u00e0 vide, 1\u00e8re vitesse<\/h6>\n<\/td>\n<td>\n<h6>0 \u2013 3,250 t\/min<\/h6>\n<\/td>\n<\/tr>\n<tr>\n<td>\n<h6>Fr\u00e9quence de frappe \u00e0 vide<\/h6>\n<\/td>\n<td>\n<h6>0 \u2013 48,500 cps\/min<\/h6>\n<\/td>\n<\/tr>\n<tr>\n<td>\n<h6>Couple nominal<\/h6>\n<\/td>\n<td>\n<h6>2.1 Nm<\/h6>\n<\/td>\n<\/tr>\n<tr>\n<td>\n<h6>Plage de serrage du mandrin, min.\/max.<\/h6>\n<\/td>\n<td>\n<h6>1.5 \u2013 13 mm<\/h6>\n<\/td>\n<\/tr>\n<\/tbody>\n<\/table>\n<table class=\"table\">\n<colgroup>\n<col class=\"col-xs-5\" \/>\n<col class=\"col-xs-3\" \/><\/colgroup>\n<thead>\n<tr>\n<th colspan=\"2\">\n<h6 class=\"headline headline__redesign--blue fs16 bsBold\">Plage de per\u00e7age<\/h6>\n<\/th>\n<\/tr>\n<\/thead>\n<tbody>\n<tr>\n<td>\n<h6>\u00d8 per\u00e7age bois<\/h6>\n<\/td>\n<td>\n<h6>25 mm<\/h6>\n<\/td>\n<\/tr>\n<tr>\n<td>\n<h6>\u00d8 per\u00e7age b\u00e9ton<\/h6>\n<\/td>\n<td>\n<h6>16 mm<\/h6>\n<\/td>\n<\/tr>\n<tr>\n<td>\n<h6>\u00d8 per\u00e7age acier<\/h6>\n<\/td>\n<td>\n<h6>12 mm<\/h6>\n<\/td>\n<\/tr>\n<\/tbody>\n<\/table>\n<h6>Le niveau sonore pond\u00e9r\u00e9 A de l&rsquo;outil \u00e9lectroportatif est typiquement de : niveau de pression acoustique dB(A) ; niveau de puissance acoustique dB(A). Incertitude K = dB.<\/h6>\n","protected":false},"featured_media":8330,"comment_status":"open","ping_status":"closed","template":"","meta":{"_eb_attr":"","ocean_post_layout":"","ocean_both_sidebars_style":"","ocean_both_sidebars_content_width":0,"ocean_both_sidebars_sidebars_width":0,"ocean_sidebar":"0","ocean_second_sidebar":"0","ocean_disable_margins":"enable","ocean_add_body_class":"","ocean_shortcode_before_top_bar":"","ocean_shortcode_after_top_bar":"","ocean_shortcode_before_header":"","ocean_shortcode_after_header":"","ocean_has_shortcode":"","ocean_shortcode_after_title":"","ocean_shortcode_before_footer_widgets":"","ocean_shortcode_after_footer_widgets":"","ocean_shortcode_before_footer_bottom":"","ocean_shortcode_after_footer_bottom":"","ocean_display_top_bar":"default","ocean_display_header":"default","ocean_header_style":"","ocean_center_header_left_menu":"0","ocean_custom_header_template":"0","ocean_custom_logo":0,"ocean_custom_retina_logo":0,"ocean_custom_logo_max_width":0,"ocean_custom_logo_tablet_max_width":0,"ocean_custom_logo_mobile_max_width":0,"ocean_custom_logo_max_height":0,"ocean_custom_logo_tablet_max_height":0,"ocean_custom_logo_mobile_max_height":0,"ocean_header_custom_menu":"0","ocean_menu_typo_font_family":"0","ocean_menu_typo_font_subset":"","ocean_menu_typo_font_size":0,"ocean_menu_typo_font_size_tablet":0,"ocean_menu_typo_font_size_mobile":0,"ocean_menu_typo_font_size_unit":"px","ocean_menu_typo_font_weight":"","ocean_menu_typo_font_weight_tablet":"","ocean_menu_typo_font_weight_mobile":"","ocean_menu_typo_transform":"","ocean_menu_typo_transform_tablet":"","ocean_menu_typo_transform_mobile":"","ocean_menu_typo_line_height":0,"ocean_menu_typo_line_height_tablet":0,"ocean_menu_typo_line_height_mobile":0,"ocean_menu_typo_line_height_unit":"","ocean_menu_typo_spacing":0,"ocean_menu_typo_spacing_tablet":0,"ocean_menu_typo_spacing_mobile":0,"ocean_menu_typo_spacing_unit":"","ocean_menu_link_color":"","ocean_menu_link_color_hover":"","ocean_menu_link_color_active":"","ocean_menu_link_background":"","ocean_menu_link_hover_background":"","ocean_menu_link_active_background":"","ocean_menu_social_links_bg":"","ocean_menu_social_hover_links_bg":"","ocean_menu_social_links_color":"","ocean_menu_social_hover_links_color":"","ocean_disable_title":"default","ocean_disable_heading":"default","ocean_post_title":"","ocean_post_subheading":"","ocean_post_title_style":"","ocean_post_title_background_color":"","ocean_post_title_background":0,"ocean_post_title_bg_image_position":"","ocean_post_title_bg_image_attachment":"","ocean_post_title_bg_image_repeat":"","ocean_post_title_bg_image_size":"","ocean_post_title_height":0,"ocean_post_title_bg_overlay":0.5,"ocean_post_title_bg_overlay_color":"","ocean_disable_breadcrumbs":"default","ocean_breadcrumbs_color":"","ocean_breadcrumbs_separator_color":"","ocean_breadcrumbs_links_color":"","ocean_breadcrumbs_links_hover_color":"","ocean_display_footer_widgets":"default","ocean_display_footer_bottom":"default","ocean_custom_footer_template":"0"},"product_brand":[],"product_cat":[52,36],"product_tag":[],"class_list":{"0":"post-5487","1":"product","2":"type-product","3":"status-publish","4":"has-post-thumbnail","6":"product_cat-bosch","7":"product_cat-perceuse","9":"entry","10":"has-media","12":"first","13":"instock","14":"sale","15":"shipping-taxable","16":"purchasable","17":"product-type-simple","18":"has-product-nav","19":"col","20":"span_1_of_5","21":"owp-content-center","22":"owp-thumbs-layout-vertical","23":"owp-btn-big","24":"owp-tabs-layout-vertical","25":"has-no-thumbnails","27":"circle-sale"},"_links":{"self":[{"href":"https:\/\/baobolt.com\/index.php\/wp-json\/wp\/v2\/product\/5487","targetHints":{"allow":["GET"]}}],"collection":[{"href":"https:\/\/baobolt.com\/index.php\/wp-json\/wp\/v2\/product"}],"about":[{"href":"https:\/\/baobolt.com\/index.php\/wp-json\/wp\/v2\/types\/product"}],"replies":[{"embeddable":true,"href":"https:\/\/baobolt.com\/index.php\/wp-json\/wp\/v2\/comments?post=5487"}],"version-history":[{"count":2,"href":"https:\/\/baobolt.com\/index.php\/wp-json\/wp\/v2\/product\/5487\/revisions"}],"predecessor-version":[{"id":8653,"href":"https:\/\/baobolt.com\/index.php\/wp-json\/wp\/v2\/product\/5487\/revisions\/8653"}],"wp:featuredmedia":[{"embeddable":true,"href":"https:\/\/baobolt.com\/index.php\/wp-json\/wp\/v2\/media\/8330"}],"wp:attachment":[{"href":"https:\/\/baobolt.com\/index.php\/wp-json\/wp\/v2\/media?parent=5487"}],"wp:term":[{"taxonomy":"product_brand","embeddable":true,"href":"https:\/\/baobolt.com\/index.php\/wp-json\/wp\/v2\/product_brand?post=5487"},{"taxonomy":"product_cat","embeddable":true,"href":"https:\/\/baobolt.com\/index.php\/wp-json\/wp\/v2\/product_cat?post=5487"},{"taxonomy":"product_tag","embeddable":true,"href":"https:\/\/baobolt.com\/index.php\/wp-json\/wp\/v2\/product_tag?post=5487"}],"curies":[{"name":"wp","href":"https:\/\/api.w.org\/{rel}","templated":true}]}}